{"id":129,"date":"2026-05-04T11:14:04","date_gmt":"2026-05-04T11:14:04","guid":{"rendered":"https:\/\/act-ing.fr\/?page_id=129"},"modified":"2026-05-06T08:35:03","modified_gmt":"2026-05-06T08:35:03","slug":"liste-de-diffusion-et-contact","status":"publish","type":"page","link":"https:\/\/act-ing.fr\/index.php\/liste-de-diffusion-et-contact\/","title":{"rendered":"Contact et liste de diffusion"},"content":{"rendered":"\n<h2 class=\"wp-block-heading has-text-align-center\">Contact association<\/h2>\n\n\n\n<p class=\"has-text-align-center wp-block-paragraph\">Adresse mail du bureau d&rsquo; Act&rsquo;Ing : association.acting@gmail.com<\/p>\n\n\n\n<figure class=\"wp-block-image aligncenter size-full is-resized\"><img decoding=\"async\" src=\"https:\/\/act-ing.fr\/wp-content\/themes\/twentytwentyfour\/assets\/images\/icon-message.webp\" alt=\"\" style=\"object-fit:cover;width:45px;height:49px\"\/><\/figure>\n\n\n\n<h2 class=\"wp-block-heading has-text-align-center has-contrast-color has-text-color has-link-color has-x-large-font-size wp-elements-278e202d52048d05d4d6099fc8d4ae28\" style=\"margin-right:0;margin-left:0;padding-right:0;padding-left:0\">Liste de diffusion<\/h2>\n\n\n\n<p class=\"has-text-align-center wp-block-paragraph\">Afin&nbsp;de&nbsp;faciliter la circulation des informations et l\u2019organisation des s\u00e9minaires \u00ab\u00a0Fen\u00eatre sur cours\u00a0\u00bb, une&nbsp;liste&nbsp;de&nbsp;diffusion&nbsp;a \u00e9t\u00e9 cr\u00e9\u00e9e.&nbsp;Pour s&rsquo;abonner, modifier l&rsquo;adresse d\u2019abonnement ou se d\u00e9sabonner si vous ne souhaitez plus recevoir d\u2019informations concernant les journ\u00e9es d&rsquo;\u00e9tude \u00ab\u00a0Fen\u00eatres sur cours\u00a0\u00bb et\/ou d&rsquo;Act&rsquo;ing il suffit de vous rendre ici :&nbsp;<\/p>\n\n\n\n<p class=\"wp-block-paragraph\"><a href=\"https:\/\/groupes.renater.fr\/sympa\/subscribe\/coursdaction?previous_action=info\">https:\/\/groupes.renater.fr\/sympa\/subscribe\/coursdaction?previous_action=info<\/a><\/p>\n\n\n\n<p class=\"wp-block-paragraph\"><\/p>\n\n\n\n<p class=\"has-text-align-center wp-block-paragraph\">Pour \u00e9crire \u00e0 l\u2019ensemble des abonn\u00e9.es de la liste de diffusion vous pouvez utiliser l\u2019adresse suivante :&nbsp;<a href=\"mailto:coursdaction@groupes.renater.fr\" rel=\"noreferrer noopener\" target=\"_blank\">coursdaction@groupes.renater.fr<\/a><\/p>\n\n\n\n<div style=\"height:var(--wp--preset--spacing--10)\" aria-hidden=\"true\" class=\"wp-block-spacer\"><\/div>\n\n\n\n<div class=\"wp-block-buttons is-content-justification-center is-layout-flex wp-container-core-buttons-is-layout-0aa01211 wp-block-buttons-is-layout-flex\">\n<div class=\"wp-block-button\"><a class=\"wp-block-button__link wp-element-button\" href=\"https:\/\/groupes.renater.fr\/sympa\/subscribe\/coursdaction?previous_action=info\">S\u2019abonner \u00e0 la liste de diffusion<\/a><\/div>\n<\/div>\n","protected":false},"excerpt":{"rendered":"<p>Contact association Adresse mail du bureau d&rsquo; Act&rsquo;Ing : association.acting@gmail.com Liste de diffusion Afin&nbsp;de&nbsp;faciliter la circulation des informations et l\u2019organisation des s\u00e9minaires \u00ab\u00a0Fen\u00eatre sur cours\u00a0\u00bb, une&nbsp;liste&nbsp;de&nbsp;diffusion&nbsp;a \u00e9t\u00e9 cr\u00e9\u00e9e.&nbsp;Pour s&rsquo;abonner, modifier l&rsquo;adresse d\u2019abonnement ou se d\u00e9sabonner si vous ne souhaitez plus recevoir d\u2019informations concernant les journ\u00e9es d&rsquo;\u00e9tude \u00ab\u00a0Fen\u00eatres sur cours\u00a0\u00bb et\/ou d&rsquo;Act&rsquo;ing il suffit de vous [&hellip;]<\/p>\n","protected":false},"author":2,"featured_media":0,"parent":0,"menu_order":0,"comment_status":"closed","ping_status":"closed","template":"","meta":{"_crdt_document":"{\"document\":\"AAAMq7\/C7A\/\/r5mqD8oBfQg8gH4EAgECCgEDShgCAQIKAEoQAgECCkoAEAECCgJCAQ1KAJYBAQIKAkIBB0oApAIBAgoBBkoAIAECCgJCAQ1KAJQBAQIKAkIBB0oAugwBAgoCQkoAoAUBAgoASgASAQIKAkIBB0oAvgcBAgpKABABAgpKDgIBAgoBAQhSALcBKAAhACgCJwAEACcABAAnACgEJwAoACcABwAoAycAKAUnAAcAKAMnACgBJwAHACgDJwAoACcAhwAoAycBBAAoDycAhwAoAycBBAAoCScAhwAoAycAKAEnACgFJwCHACgDJwEEACgPJwCHACgDJwEEACgJJwCHACgDJwEEACgAJwCHACgDJwEoACcAhwAoAycBBAAoCScAhwAoAycAKAAnAIcAKAMnACgAJwAHACgDJwAoAicABAAn3Tb8NHN0YXRldmVyc2lvbnN0YXRldmVyc2lvbmRvY3VtZW50ZGF0ZWRvY3VtZW50c2x1Z2RvY3VtZW50c3RhdHVzZG9jdW1lbnR0aXRsZUNvbnRhY3QgZXQgbGlzdGUgZGUgZGlmZnVzaW9uZG9jdW1lbnRjb250ZW50PCEtLSB3cDpncm91cCB7Im1ldGFkYXRhIjp7ImNhdGVnb3JpZXMiOlsiY2FsbC10by1hY3Rpb24iLCJ0d2VudHl0d2VudHlmb3VyX3BhZ2UiLCJmZWF0dXJlZCJdLCJwYXR0ZXJuTmFtZSI6InR3ZW50eXR3ZW50eWZvdXIvcGFnZS1uZXdzbGV0dGVyLWxhbmRpbmciLCJuYW1lIjoiUGFnZSBk4oCZYWNjdWVpbCBkZSBsYSBuZXdzbGV0dGVyIn0sImFsaWduIjoiZnVsbCIsInN0eWxlIjp7InNwYWNpbmciOnsicGFkZGluZyI6eyJyaWdodCI6InZhcjpwcmVzZXR8c3BhY2luZ3w1MCIsImxlZnQiOiJ2YXI6cHJlc2V0fHNwYWNpbmd8NTAiLCJ0b3AiOiJ2YXI6cHJlc2V0fHNwYWNpbmd8NjAiLCJib3R0b20iOiJ2YXI6cHJlc2V0fHNwYWNpbmd8NjAifSwibWFyZ2luIjp7InRvcCI6IjAiLCJib3R0b20iOiIwIn19LCJkaW1lbnNpb25zIjp7Im1pbkhlaWdodCI6IjEwMHZoIn19LCJiYWNrZ3JvdW5kQ29sb3IiOiJhY2NlbnQtMyIsImxheW91dCI6eyJ0eXBlIjoiZmxleCIsIm9yaWVudGF0aW9uIjoidmVydGljYWwiLCJqdXN0aWZ5Q29udGVudCI6ImNlbnRlciIsInZlcnRpY2FsQWxpZ25tZW50IjoiY2VudGVyIn19IC0tPgo8ZGl2IGNsYXNzPSJ3cC1ibG9jay1ncm91cCBhbGlnbmZ1bGwgaGFzLWFjY2VudC0zLWJhY2tncm91bmQtY29sb3IgaGFzLWJhY2tncm91bmQiIHN0eWxlPSJtaW4taGVpZ2h0OjEwMHZoO21hcmdpbi10b3A6MDttYXJnaW4tYm90dG9tOjA7cGFkZGluZy10b3A6dmFyKC0td3AtLXByZXNldC0tc3BhY2luZy0tNjApO3BhZGRpbmctcmlnaHQ6dmFyKC0td3AtLXByZXNldC0tc3BhY2luZy0tNTApO3BhZGRpbmctYm90dG9tOnZhcigtLXdwLS1wcmVzZXQtLXNwYWNpbmctLTYwKTtwYWRkaW5nLWxlZnQ6dmFyKC0td3AtLXByZXNldC0tc3BhY2luZy0tNTApIj48IS0tIHdwOmdyb3VwIHsibGF5b3V0Ijp7InR5cGUiOiJjb25zdHJhaW5lZCJ9fSAtLT4KPGRpdiBjbGFzcz0id3AtYmxvY2stZ3JvdXAiPjwhLS0gd3A6c3BhY2VyIHsiaGVpZ2h0IjoidmFyOnByZXNldHxzcGFjaW5nfDEwIn0gLS0+CjxkaXYgc3R5bGU9ImhlaWdodDp2YXIoLS13cC0tcHJlc2V0LS1zcGFjaW5nLS0xMCkiIGFyaWEtaGlkZGVuPSJ0cnVlIiBjbGFzcz0id3AtYmxvY2stc3BhY2VyIj48L2Rpdj4KPCEtLSAvd3A6c3BhY2VyIC0tPgoKPCEtLSB3cDpoZWFkaW5nIHsidGV4dEFsaWduIjoiY2VudGVyIn0gLS0+CjxoMiBjbGFzcz0id3AtYmxvY2staGVhZGluZyBoYXMtdGV4dC1hbGlnbi1jZW50ZXIiPkNvbnRhY3QgYXNzb2NpYXRpb248L2gyPgo8IS0tIC93cDpoZWFkaW5nIC0tPgoKPCEtLSB3cDpwYXJhZ3JhcGggeyJhbGlnbiI6ImNlbnRlciJ9IC0tPgo8cCBjbGFzcz0iaGFzLXRleHQtYWxpZ24tY2VudGVyIj5BZHJlc3NlIG1haWwgZHUgYnVyZWF1IGQnIEFjdCdJbmcgOiBhc3NvY2lhdGlvbi5hY3RpbmdAZ21haWwuY29tPC9wPgo8IS0tIC93cDpwYXJhZ3JhcGggLS0+Cgo8IS0tIHdwOmltYWdlIHsid2lkdGgiOiI0NXB4IiwiaGVpZ2h0IjoiNDlweCIsInNjYWxlIjoiY292ZXIiLCJzaXplU2x1ZyI6ImZ1bGwiLCJsaW5rRGVzdGluYXRpb24iOiJub25lIiwiYWxpZ24iOiJjZW50ZXIifSAtLT4KPGZpZ3VyZSBjbGFzcz0id3AtYmxvY2staW1hZ2UgYWxpZ25jZW50ZXIgc2l6ZS1mdWxsIGlzLXJlc2l6ZWQiPjxpbWcgc3JjPSJodHRwczovL2FjdC1pbmcuZnIvd3AtY29udGVudC90aGVtZXMvdHdlbnR5dHdlbnR5Zm91ci9hc3NldHMvaW1hZ2VzL2ljb24tbWVzc2FnZS53ZWJwIiBhbHQ9IiIgc3R5bGU9Im9iamVjdC1maXQ6Y292ZXI7d2lkdGg6NDVweDtoZWlnaHQ6NDlweCIvPjwvZmlndXJlPgo8IS0tIC93cDppbWFnZSAtLT4KCjwhLS0gd3A6aGVhZGluZyB7InRleHRBbGlnbiI6ImNlbnRlciIsInN0eWxlIjp7InNwYWNpbmciOnsibWFyZ2luIjp7InJpZ2h0IjoiMCIsImxlZnQiOiIwIn0sInBhZGRpbmciOnsicmlnaHQiOiIwIiwibGVmdCI6IjAifX0sImVsZW1lbnRzIjp7ImxpbmsiOnsiY29sb3IiOnsidGV4dCI6InZhcjpwcmVzZXR8Y29sb3J8Y29udHJhc3QifX19fSwidGV4dENvbG9yIjoiY29udHJhc3QiLCJmb250U2l6ZSI6IngtbGFyZ2UifSAtLT4KPGgyIGNsYXNzPSJ3cC1ibG9jay1oZWFkaW5nIGhhcy10ZXh0LWFsaWduLWNlbnRlciBoYXMtY29udHJhc3QtY29sb3IgaGFzLXRleHQtY29sb3IgaGFzLWxpbmstY29sb3IgaGFzLXgtbGFyZ2UtZm9udC1zaXplIiBzdHlsZT0ibWFyZ2luLXJpZ2h0OjA7bWFyZ2luLWxlZnQ6MDtwYWRkaW5nLXJpZ2h0OjA7cGFkZGluZy1sZWZ0OjAiPkxpc3RlIGRlIGRpZmZ1c2lvbjwvaDI+CjwhLS0gL3dwOmhlYWRpbmcgLS0+Cgo8IS0tIHdwOnBhcmFncmFwaCB7ImFsaWduIjoiY2VudGVyIn0gLS0+CjxwIGNsYXNzPSJoYXMtdGV4dC1hbGlnbi1jZW50ZXIiPkFmaW4mbmJzcDtkZSZuYnNwO2ZhY2lsaXRlciBsYSBjaXJjdWxhdGlvbiBkZXMgaW5mb3JtYXRpb25zIGV0IGzigJlvcmdhbmlzYXRpb24gZGVzIHPDqW1pbmFpcmVzICJGZW7DqnRyZSBzdXIgY291cnMiLCB1bmUmbmJzcDtsaXN0ZSZuYnNwO2RlJm5ic3A7ZGlmZnVzaW9uJm5ic3A7YSDDqXTDqSBjcsOpw6llLiZuYnNwO1BvdXIgcydhYm9ubmVyLCBtb2RpZmllciBsJ2FkcmVzc2UgZOKAmWFib25uZW1lbnQgb3Ugc2UgZMOpc2Fib25uZXIgc2kgdm91cyBuZSBzb3VoYWl0ZXogcGx1cyByZWNldm9pciBk4oCZaW5mb3JtYXRpb25zIGNvbmNlcm5hbnQgbGVzIGpvdXJuw6llcyBkJ8OpdHVkZSAiRmVuw6p0cmVzIHN1ciBjb3VycyIgZXQvb3UgZCdBY3QnaW5nIGlsIHN1ZmZpdCBkZSB2b3VzIHJlbmRyZSBpY2kgOiZuYnNwOzwvcD4KPCEtLSAvd3A6cGFyYWdyYXBoIC0tPgoKPCEtLSB3cDpwYXJhZ3JhcGggLS0+CjxwPjxhIGhyZWY9Imh0dHBzOi8vZ3JvdXBlcy5yZW5hdGVyLmZyL3N5bXBhL3N1YnNjcmliZS9jb3Vyc2RhY3Rpb24\/cHJldmlvdXNfYWN0aW9uPWluZm8iPmh0dHBzOi8vZ3JvdXBlcy5yZW5hdGVyLmZyL3N5bXBhL3N1YnNjcmliZS9jb3Vyc2RhY3Rpb24\/cHJldmlvdXNfYWN0aW9uPWluZm88L2E+PC9wPgo8IS0tIC93cDpwYXJhZ3JhcGggLS0+Cgo8IS0tIHdwOnBhcmFncmFwaCAtLT4KPHA+PC9wPgo8IS0tIC93cDpwYXJhZ3JhcGggLS0+Cgo8IS0tIHdwOnBhcmFncmFwaCB7ImFsaWduIjoiY2VudGVyIn0gLS0+CjxwIGNsYXNzPSJoYXMtdGV4dC1hbGlnbi1jZW50ZXIiPlBvdXIgw6ljcmlyZSDDoCBs4oCZZW5zZW1ibGUgZGVzIGFib25uw6kuZXMgZGUgbGEgbGlzdGUgZGUgZGlmZnVzaW9uIHZvdXMgcG91dmV6IHV0aWxpc2VyIGzigJlhZHJlc3NlIHN1aXZhbnRlIDombmJzcDs8YSBocmVmPSJtYWlsdG86Y291cnNkYWN0aW9uQGdyb3VwZXMucmVuYXRlci5mciIgcmVsPSJub3JlZmVycmVyIG5vb3BlbmVyIiB0YXJnZXQ9Il9ibGFuayI+Y291cnNkYWN0aW9uQGdyb3VwZXMucmVuYXRlci5mcjwvYT48L3A+CjwhLS0gL3dwOnBhcmFncmFwaCAtLT4KCjwhLS0gd3A6c3BhY2VyIHsiaGVpZ2h0IjoidmFyOnByZXNldHxzcGFjaW5nfDEwIn0gLS0+CjxkaXYgc3R5bGU9ImhlaWdodDp2YXIoLS13cC0tcHJlc2V0LS1zcGFjaW5nLS0xMCkiIGFyaWEtaGlkZGVuPSJ0cnVlIiBjbGFzcz0id3AtYmxvY2stc3BhY2VyIj48L2Rpdj4KPCEtLSAvd3A6c3BhY2VyIC0tPgoKPCEtLSB3cDpidXR0b25zIHsibGF5b3V0Ijp7InR5cGUiOiJmbGV4IiwianVzdGlmeUNvbnRlbnQiOiJjZW50ZXIifX0gLS0+CjxkaXYgY2xhc3M9IndwLWJsb2NrLWJ1dHRvbnMiPjwhLS0gd3A6YnV0dG9uIC0tPgo8ZGl2IGNsYXNzPSJ3cC1ibG9jay1idXR0b24iPjxhIGNsYXNzPSJ3cC1ibG9jay1idXR0b25fX2xpbmsgd3AtZWxlbWVudC1idXR0b24iIGhyZWY9Imh0dHBzOi8vZ3JvdXBlcy5yZW5hdGVyLmZyL3N5bXBhL3N1YnNjcmliZS9jb3Vyc2RhY3Rpb24\/cHJldmlvdXNfYWN0aW9uPWluZm8iPlPigJlhYm9ubmVyIMOgIGxhIGxpc3RlIGRlIGRpZmZ1c2lvbjwvYT48L2Rpdj4KPCEtLSAvd3A6YnV0dG9uIC0tPjwvZGl2Pgo8IS0tIC93cDpidXR0b25zIC0tPjwvZGl2Pgo8IS0tIC93cDpncm91cCAtLT48L2Rpdj4KPCEtLSAvd3A6Z3JvdXAgLS0+ZG9jdW1lbnRleGNlcnB0ZG9jdW1lbnRhdXRob3Jkb2N1bWVudGZlYXR1cmVkX21lZGlhZG9jdW1lbnRjb21tZW50X3N0YXR1c2RvY3VtZW50cGluZ19zdGF0dXNkb2N1bWVudHRlbXBsYXRlZG9jdW1lbnRtZXRhZm9vdG5vdGVzZG9jdW1lbnRibG9ja3NjbGllbnRJZGlzVmFsaWRvcmlnaW5hbENvbnRlbnRuYW1lYXR0cmlidXRlc3RhZ05hbWVtZXRhZGF0YWFsaWduc3R5bGViYWNrZ3JvdW5kQ29sb3JsYXlvdXRpbm5lckJsb2Nrc2NsaWVudElkaXNWYWxpZG9yaWdpbmFsQ29udGVudG5hbWVhdHRyaWJ1dGVzdGFnTmFtZWxheW91dGlubmVyQmxvY2tzY2xpZW50SWRpc1ZhbGlkb3JpZ2luYWxDb250ZW50bmFtZWF0dHJpYnV0ZXNoZWlnaHRpbm5lckJsb2Nrc2NsaWVudElkaXNWYWxpZG9yaWdpbmFsQ29udGVudG5hbWVhdHRyaWJ1dGVzY29udGVudENvbnRhY3QgYXNzb2NpYXRpb25sZXZlbGxldmVsT3B0aW9uc3BsYWNlaG9sZGVyYm9yZGVyQ29sb3JiYWNrZ3JvdW5kQ29sb3J0ZXh0Q29sb3JncmFkaWVudGFsaWdubG9ja2FuY2hvcmNsYXNzTmFtZWZvbnRGYW1pbHlmb250U2l6ZWZpdFRleHRzdHlsZW1ldGFkYXRhaW5uZXJCbG9ja3NjbGllbnRJZGlzVmFsaWRvcmlnaW5hbENvbnRlbnRuYW1lYXR0cmlidXRlc2NvbnRlbnRBZHJlc3NlIG1haWwgZHUgYnVyZWF1IGQnIEFjdCdJbmcgOiBhc3NvY2lhdGlvbi5hY3RpbmdAZ21haWwuY29tZHJvcENhcHBsYWNlaG9sZGVydGV4dENvbG9yYmFja2dyb3VuZENvbG9yZm9udFNpemVkaXJlY3Rpb25zdHlsZWxvY2tjbGFzc05hbWVtZXRhZGF0YWlubmVyQmxvY2tzY2xpZW50SWRpc1ZhbGlkb3JpZ2luYWxDb250ZW50bmFtZWF0dHJpYnV0ZXN1cmxhbHRjYXB0aW9ud2lkdGhoZWlnaHRzY2FsZXNpemVTbHVnbGlua0Rlc3RpbmF0aW9uYWxpZ25pbm5lckJsb2Nrc2NsaWVudElkaXNWYWxpZG9yaWdpbmFsQ29udGVudG5hbWVhdHRyaWJ1dGVzY29udGVudExpc3RlIGRlIGRpZmZ1c2lvbmxldmVsbGV2ZWxPcHRpb25zcGxhY2Vob2xkZXJib3JkZXJDb2xvcmJhY2tncm91bmRDb2xvcnRleHRDb2xvcmdyYWRpZW50YWxpZ25sb2NrYW5jaG9yY2xhc3NOYW1lZm9udEZhbWlseWZvbnRTaXplZml0VGV4dHN0eWxlbWV0YWRhdGFpbm5lckJsb2Nrc2NsaWVudElkaXNWYWxpZG9yaWdpbmFsQ29udGVudG5hbWVhdHRyaWJ1dGVzY29udGVudEFmaW4mbmJzcDtkZSZuYnNwO2ZhY2lsaXRlciBsYSBjaXJjdWxhdGlvbiBkZXMgaW5mb3JtYXRpb25zIGV0IGzigJlvcmdhbmlzYXRpb24gZGVzIHPDqW1pbmFpcmVzICJGZW7DqnRyZSBzdXIgY291cnMiLCB1bmUmbmJzcDtsaXN0ZSZuYnNwO2RlJm5ic3A7ZGlmZnVzaW9uJm5ic3A7YSDDqXTDqSBjcsOpw6llLiZuYnNwO1BvdXIgcydhYm9ubmVyLCBtb2RpZmllciBsJ2FkcmVzc2UgZOKAmWFib25uZW1lbnQgb3Ugc2UgZMOpc2Fib25uZXIgc2kgdm91cyBuZSBzb3VoYWl0ZXogcGx1cyByZWNldm9pciBk4oCZaW5mb3JtYXRpb25zIGNvbmNlcm5hbnQgbGVzIGpvdXJuw6llcyBkJ8OpdHVkZSAiRmVuw6p0cmVzIHN1ciBjb3VycyIgZXQvb3UgZCdBY3QnaW5nIGlsIHN1ZmZpdCBkZSB2b3VzIHJlbmRyZSBpY2kgOiZuYnNwO2Ryb3BDYXBwbGFjZWhvbGRlcnRleHRDb2xvcmJhY2tncm91bmRDb2xvcmZvbnRTaXplZGlyZWN0aW9uc3R5bGVsb2NrY2xhc3NOYW1lbWV0YWRhdGFpbm5lckJsb2Nrc2NsaWVudElkaXNWYWxpZG9yaWdpbmFsQ29udGVudG5hbWVhdHRyaWJ1dGVzY29udGVudDxhIGhyZWY9Imh0dHBzOi8vZ3JvdXBlcy5yZW5hdGVyLmZyL3N5bXBhL3N1YnNjcmliZS9jb3Vyc2RhY3Rpb24\/cHJldmlvdXNfYWN0aW9uPWluZm8iPmh0dHBzOi8vZ3JvdXBlcy5yZW5hdGVyLmZyL3N5bXBhL3N1YnNjcmliZS9jb3Vyc2RhY3Rpb24\/cHJldmlvdXNfYWN0aW9uPWluZm88L2E+ZHJvcENhcGlubmVyQmxvY2tzY2xpZW50SWRpc1ZhbGlkb3JpZ2luYWxDb250ZW50bmFtZWF0dHJpYnV0ZXNjb250ZW50ZHJvcENhcGlubmVyQmxvY2tzY2xpZW50SWRpc1ZhbGlkb3JpZ2luYWxDb250ZW50bmFtZWF0dHJpYnV0ZXNjb250ZW50UG91ciDDqWNyaXJlIMOgIGzigJllbnNlbWJsZSBkZXMgYWJvbm7DqS5lcyBkZSBsYSBsaXN0ZSBkZSBkaWZmdXNpb24gdm91cyBwb3V2ZXogdXRpbGlzZXIgbOKAmWFkcmVzc2Ugc3VpdmFudGUgOiZuYnNwOzxhIGhyZWY9Im1haWx0bzpjb3Vyc2RhY3Rpb25AZ3JvdXBlcy5yZW5hdGVyLmZyIiByZWw9Im5vcmVmZXJyZXIgbm9vcGVuZXIiIHRhcmdldD0iX2JsYW5rIj5jb3Vyc2RhY3Rpb25AZ3JvdXBlcy5yZW5hdGVyLmZyPC9hPmRyb3BDYXBwbGFjZWhvbGRlcnRleHRDb2xvcmJhY2tncm91bmRDb2xvcmZvbnRTaXplZGlyZWN0aW9uc3R5bGVsb2NrY2xhc3NOYW1lbWV0YWRhdGFpbm5lckJsb2Nrc2NsaWVudElkaXNWYWxpZG9yaWdpbmFsQ29udGVudG5hbWVhdHRyaWJ1dGVzaGVpZ2h0aW5uZXJCbG9ja3NjbGllbnRJZGlzVmFsaWRvcmlnaW5hbENvbnRlbnRuYW1lYXR0cmlidXRlc2xheW91dGlubmVyQmxvY2tzY2xpZW50SWRpc1ZhbGlkb3JpZ2luYWxDb250ZW50bmFtZWF0dHJpYnV0ZXN0YWdOYW1ldHlwZXVybHRleHRT4oCZYWJvbm5lciDDoCBsYSBsaXN0ZSBkZSBkaWZmdXNpb25pbm5lckJsb2NrcwUHBQcIBAgECAYIBR0IB7k+CAcIBggOCA4IC0gBBAkIBggHDwQKBwhFAA8GCwgHDwQKBwYLCAcPBAoGCwgHDwQKBxMFDEsADwkIBQQGCQoIBwUICwgHDwQKB4ABBwsJDwgJBQQJCAsIBw8ECkMABwUGBQgPBQsIBw8ECgcSBQxLAA8JCAUEBgkKCAcFCAsIBw8ECgeLBgcLCQ8ICQUECQgLCAcPBAoHpwIHCwgHDwQKRwALCAcPBAoHrQMHCwkPCAkFBAkICwgHDwQKBgsIBw8ECgYLCAcPBAoHBAMEIQsPAQUAAAEAAAABBgAAAQAAN0IBAQBBAABBAABBAABBAAIAQQACAEEAAgBBAAIAQQACAEEAAgBBAAIAQQACAEEAAEEAAEEAAgADQZcBAgEAfQHZAQB3EzIwMjYtMDUtMDRUMTE6MTQ6MDR3HWxpc3RlLWRlLWRpZmZ1c2lvbi1ldC1jb250YWN0dwdwdWJsaXNofQJ9AHcGY2xvc2VkdwZjbG9zZWR3AHcAdyQzNmExMjM2Yi1iZTJhLTRjNzAtYmM4NC00Y2M4MTMzY2YxODJ4d8ECPGRpdiBjbGFzcz0id3AtYmxvY2stZ3JvdXAgYWxpZ25mdWxsIGhhcy1hY2NlbnQtMy1iYWNrZ3JvdW5kLWNvbG9yIGhhcy1iYWNrZ3JvdW5kIiBzdHlsZT0ibWluLWhlaWdodDoxMDB2aDttYXJnaW4tdG9wOjA7bWFyZ2luLWJvdHRvbTowO3BhZGRpbmctdG9wOnZhcigtLXdwLS1wcmVzZXQtLXNwYWNpbmctLTYwKTtwYWRkaW5nLXJpZ2h0OnZhcigtLXdwLS1wcmVzZXQtLXNwYWNpbmctLTUwKTtwYWRkaW5nLWJvdHRvbTp2YXIoLS13cC0tcHJlc2V0LS1zcGFjaW5nLS02MCk7cGFkZGluZy1sZWZ0OnZhcigtLXdwLS1wcmVzZXQtLXNwYWNpbmctLTUwKSI+PC9kaXY+dwpjb3JlL2dyb3VwdwNkaXZ2AwpjYXRlZ29yaWVzdQN3DmNhbGwtdG8tYWN0aW9udxV0d2VudHl0d2VudHlmb3VyX3BhZ2V3CGZlYXR1cmVkC3BhdHRlcm5OYW1ldyh0d2VudHl0d2VudHlmb3VyL3BhZ2UtbmV3c2xldHRlci1sYW5kaW5nBG5hbWV3IVBhZ2UgZOKAmWFjY3VlaWwgZGUgbGEgbmV3c2xldHRlcncEZnVsbHYCB3NwYWNpbmd2AgdwYWRkaW5ndgQFcmlnaHR3FXZhcjpwcmVzZXR8c3BhY2luZ3w1MARsZWZ0dxV2YXI6cHJlc2V0fHNwYWNpbmd8NTADdG9wdxV2YXI6cHJlc2V0fHNwYWNpbmd8NjAGYm90dG9tdxV2YXI6cHJlc2V0fHNwYWNpbmd8NjAGbWFyZ2ludgIDdG9wdwEwBmJvdHRvbXcBMApkaW1lbnNpb25zdgEJbWluSGVpZ2h0dwUxMDB2aHcIYWNjZW50LTN2BAR0eXBldwRmbGV4C29yaWVudGF0aW9udwh2ZXJ0aWNhbA5qdXN0aWZ5Q29udGVudHcGY2VudGVyEXZlcnRpY2FsQWxpZ25tZW50dwZjZW50ZXJ3JDljZmNjMWY3LWJlYzgtNDMxNi05ODUzLTA3MjM3ZmQyYTVlYnh3NjxkaXYgY2xhc3M9IndwLWJsb2NrLWdyb3VwIj4KCgoKCgoKCgoKCgoKCgoKCgoKCjwvZGl2PncKY29yZS9ncm91cHcDZGl2dgEEdHlwZXcLY29uc3RyYWluZWR3JGQ2M2JjMzAyLTcwYmYtNDVjNi1iYzgwLWQyMTQ1ZGU1ODAwOHh3ZDxkaXYgc3R5bGU9ImhlaWdodDp2YXIoLS13cC0tcHJlc2V0LS1zcGFjaW5nLS0xMCkiIGFyaWEtaGlkZGVuPSJ0cnVlIiBjbGFzcz0id3AtYmxvY2stc3BhY2VyIj48L2Rpdj53C2NvcmUvc3BhY2VydxV2YXI6cHJlc2V0fHNwYWNpbmd8MTB3JDc3ZTAyODMwLTkyMjAtNGQ2MC1hMmU3LTVlMmU3YTFmY2QwMHh3SzxoMiBjbGFzcz0id3AtYmxvY2staGVhZGluZyBoYXMtdGV4dC1hbGlnbi1jZW50ZXIiPkNvbnRhY3QgYXNzb2NpYXRpb248L2gyPncMY29yZS9oZWFkaW5nfQJ\/f39\/f39\/f39\/f39\/dgEKdHlwb2dyYXBoeXYBCXRleHRBbGlnbncGY2VudGVyf3ckYmIwYTlmMDUtMTFiOS00ZTNjLTkxMjYtOGU4MjhkZGQ0MDJjeHdlPHAgY2xhc3M9Imhhcy10ZXh0LWFsaWduLWNlbnRlciI+QWRyZXNzZSBtYWlsIGR1IGJ1cmVhdSBkJyBBY3QnSW5nIDogYXNzb2NpYXRpb24uYWN0aW5nQGdtYWlsLmNvbTwvcD53DmNvcmUvcGFyYWdyYXBoeX9\/f39\/dgEKdHlwb2dyYXBoeXYBCXRleHRBbGlnbncGY2VudGVyf39\/dyQ4MjNjMDE0ZS1iM2VmLTQyYWEtYjM3Mi04Y2M3MTcxOTdiNWZ4d+IBPGZpZ3VyZSBjbGFzcz0id3AtYmxvY2staW1hZ2UgYWxpZ25jZW50ZXIgc2l6ZS1mdWxsIGlzLXJlc2l6ZWQiPjxpbWcgc3JjPSJodHRwczovL2FjdC1pbmcuZnIvd3AtY29udGVudC90aGVtZXMvdHdlbnR5dHdlbnR5Zm91ci9hc3NldHMvaW1hZ2VzL2ljb24tbWVzc2FnZS53ZWJwIiBhbHQ9IiIgc3R5bGU9Im9iamVjdC1maXQ6Y292ZXI7d2lkdGg6NDVweDtoZWlnaHQ6NDlweCIvPjwvZmlndXJlPncKY29yZS9pbWFnZXdVaHR0cHM6Ly9hY3QtaW5nLmZyL3dwLWNvbnRlbnQvdGhlbWVzL3R3ZW50eXR3ZW50eWZvdXIvYXNzZXRzL2ltYWdlcy9pY29uLW1lc3NhZ2Uud2VicHcAdwQ0NXB4dwQ0OXB4dwVjb3ZlcncEZnVsbHcEbm9uZXcGY2VudGVydyQyM2M4MWMzNS0yMDkyLTQ2Y2YtYWQ4Mi1lOTMzMTFjMDQ0MDR4d9UBPGgyIGNsYXNzPSJ3cC1ibG9jay1oZWFkaW5nIGhhcy10ZXh0LWFsaWduLWNlbnRlciBoYXMtY29udHJhc3QtY29sb3IgaGFzLXRleHQtY29sb3IgaGFzLWxpbmstY29sb3IgaGFzLXgtbGFyZ2UtZm9udC1zaXplIiBzdHlsZT0ibWFyZ2luLXJpZ2h0OjA7bWFyZ2luLWxlZnQ6MDtwYWRkaW5nLXJpZ2h0OjA7cGFkZGluZy1sZWZ0OjAiPkxpc3RlIGRlIGRpZmZ1c2lvbjwvaDI+dwxjb3JlL2hlYWRpbmd9An9\/f393CGNvbnRyYXN0f39\/f39\/dwd4LWxhcmdlf3YDB3NwYWNpbmd2AgZtYXJnaW52AgVyaWdodHcBMARsZWZ0dwEwB3BhZGRpbmd2AgVyaWdodHcBMARsZWZ0dwEwCGVsZW1lbnRzdgEEbGlua3YBBWNvbG9ydgEEdGV4dHcZdmFyOnByZXNldHxjb2xvcnxjb250cmFzdAp0eXBvZ3JhcGh5dgEJdGV4dEFsaWdudwZjZW50ZXJ\/dyQ1Y2NhNjA4Mi1hOTMzLTQxZjktYWVhYS0yN2YzNzdlZmUyZTV4d8ADPHAgY2xhc3M9Imhhcy10ZXh0LWFsaWduLWNlbnRlciI+QWZpbiZuYnNwO2RlJm5ic3A7ZmFjaWxpdGVyIGxhIGNpcmN1bGF0aW9uIGRlcyBpbmZvcm1hdGlvbnMgZXQgbOKAmW9yZ2FuaXNhdGlvbiBkZXMgc8OpbWluYWlyZXMgIkZlbsOqdHJlIHN1ciBjb3VycyIsIHVuZSZuYnNwO2xpc3RlJm5ic3A7ZGUmbmJzcDtkaWZmdXNpb24mbmJzcDthIMOpdMOpIGNyw6nDqWUuJm5ic3A7UG91ciBzJ2Fib25uZXIsIG1vZGlmaWVyIGwnYWRyZXNzZSBk4oCZYWJvbm5lbWVudCBvdSBzZSBkw6lzYWJvbm5lciBzaSB2b3VzIG5lIHNvdWhhaXRleiBwbHVzIHJlY2V2b2lyIGTigJlpbmZvcm1hdGlvbnMgY29uY2VybmFudCBsZXMgam91cm7DqWVzIGQnw6l0dWRlICJGZW7DqnRyZXMgc3VyIGNvdXJzIiBldC9vdSBkJ0FjdCdpbmcgaWwgc3VmZml0IGRlIHZvdXMgcmVuZHJlIGljaSA6Jm5ic3A7PC9wPncOY29yZS9wYXJhZ3JhcGh5f39\/f392AQp0eXBvZ3JhcGh5dgEJdGV4dEFsaWdudwZjZW50ZXJ\/f393JDgwNDJlMmQxLTM3N2EtNGUwOS1iYTEzLTRkNjJkZTQ3YmJkM3h3rgE8cD48YSBocmVmPSJodHRwczovL2dyb3VwZXMucmVuYXRlci5mci9zeW1wYS9zdWJzY3JpYmUvY291cnNkYWN0aW9uP3ByZXZpb3VzX2FjdGlvbj1pbmZvIj5odHRwczovL2dyb3VwZXMucmVuYXRlci5mci9zeW1wYS9zdWJzY3JpYmUvY291cnNkYWN0aW9uP3ByZXZpb3VzX2FjdGlvbj1pbmZvPC9hPjwvcD53DmNvcmUvcGFyYWdyYXBoeXckOTQ0NzM1YmItNzdiMi00YzU2LWI2MjItNWY5ZDkxMzhjM2RieHcHPHA+PC9wPncOY29yZS9wYXJhZ3JhcGh5dyRlZWEyNThkZi0wZGY5LTQwNzEtODE5My1lODk2ZTUwZDcyMjZ4d5kCPHAgY2xhc3M9Imhhcy10ZXh0LWFsaWduLWNlbnRlciI+UG91ciDDqWNyaXJlIMOgIGzigJllbnNlbWJsZSBkZXMgYWJvbm7DqS5lcyBkZSBsYSBsaXN0ZSBkZSBkaWZmdXNpb24gdm91cyBwb3V2ZXogdXRpbGlzZXIgbOKAmWFkcmVzc2Ugc3VpdmFudGUgOiZuYnNwOzxhIGhyZWY9Im1haWx0bzpjb3Vyc2RhY3Rpb25AZ3JvdXBlcy5yZW5hdGVyLmZyIiByZWw9Im5vcmVmZXJyZXIgbm9vcGVuZXIiIHRhcmdldD0iX2JsYW5rIj5jb3Vyc2RhY3Rpb25AZ3JvdXBlcy5yZW5hdGVyLmZyPC9hPjwvcD53DmNvcmUvcGFyYWdyYXBoeX9\/f39\/dgEKdHlwb2dyYXBoeXYBCXRleHRBbGlnbncGY2VudGVyf39\/dyRhMzRhMDljYS1iOTZlLTQ5MjItYmI3YS00OTEzYzk0OGViZWJ4d2Q8ZGl2IHN0eWxlPSJoZWlnaHQ6dmFyKC0td3AtLXByZXNldC0tc3BhY2luZy0tMTApIiBhcmlhLWhpZGRlbj0idHJ1ZSIgY2xhc3M9IndwLWJsb2NrLXNwYWNlciI+PC9kaXY+dwtjb3JlL3NwYWNlcncVdmFyOnByZXNldHxzcGFjaW5nfDEwdyRhYjdmODY3Ny1mZjUyLTQ0NDktODJhNi00OGUwMzQxNzY2ZjF4dyQ8ZGl2IGNsYXNzPSJ3cC1ibG9jay1idXR0b25zIj48L2Rpdj53DGNvcmUvYnV0dG9uc3YCBHR5cGV3BGZsZXgOanVzdGlmeUNvbnRlbnR3BmNlbnRlcnckYTczNzFiNjYtMzlmZS00ODk1LWE4ZTMtNDliMzg1ODVjMWQweHfSATxkaXYgY2xhc3M9IndwLWJsb2NrLWJ1dHRvbiI+PGEgY2xhc3M9IndwLWJsb2NrLWJ1dHRvbl9fbGluayB3cC1lbGVtZW50LWJ1dHRvbiIgaHJlZj0iaHR0cHM6Ly9ncm91cGVzLnJlbmF0ZXIuZnIvc3ltcGEvc3Vic2NyaWJlL2NvdXJzZGFjdGlvbj9wcmV2aW91c19hY3Rpb249aW5mbyI+U+KAmWFib25uZXIgw6AgbGEgbGlzdGUgZGUgZGlmZnVzaW9uPC9hPjwvZGl2PncLY29yZS9idXR0b253AWF3BmJ1dHRvbndMaHR0cHM6Ly9ncm91cGVzLnJlbmF0ZXIuZnIvc3ltcGEvc3Vic2NyaWJlL2NvdXJzZGFjdGlvbj9wcmV2aW91c19hY3Rpb249aW5mbwH\/14zVBwEAAA==\",\"updateId\":426620555}","footnotes":""},"class_list":["post-129","page","type-page","status-publish","hentry"],"_links":{"self":[{"href":"https:\/\/act-ing.fr\/index.php\/wp-json\/wp\/v2\/pages\/129","targetHints":{"allow":["GET"]}}],"collection":[{"href":"https:\/\/act-ing.fr\/index.php\/wp-json\/wp\/v2\/pages"}],"about":[{"href":"https:\/\/act-ing.fr\/index.php\/wp-json\/wp\/v2\/types\/page"}],"author":[{"embeddable":true,"href":"https:\/\/act-ing.fr\/index.php\/wp-json\/wp\/v2\/users\/2"}],"replies":[{"embeddable":true,"href":"https:\/\/act-ing.fr\/index.php\/wp-json\/wp\/v2\/comments?post=129"}],"version-history":[{"count":7,"href":"https:\/\/act-ing.fr\/index.php\/wp-json\/wp\/v2\/pages\/129\/revisions"}],"predecessor-version":[{"id":168,"href":"https:\/\/act-ing.fr\/index.php\/wp-json\/wp\/v2\/pages\/129\/revisions\/168"}],"wp:attachment":[{"href":"https:\/\/act-ing.fr\/index.php\/wp-json\/wp\/v2\/media?parent=129"}],"curies":[{"name":"wp","href":"https:\/\/api.w.org\/{rel}","templated":true}]}}